{"id":18459,"date":"2019-07-29T06:44:11","date_gmt":"2019-07-29T10:44:11","guid":{"rendered":"https:\/\/inmobiliariainversioneseuropa.com\/edit-listing-2\/"},"modified":"2025-05-16T01:32:07","modified_gmt":"2025-05-16T01:32:07","slug":"confianos-tu-inmueble","status":"publish","type":"page","link":"https:\/\/inmobiliariainversioneseuropa.com\/en\/confianos-tu-inmueble\/","title":{"rendered":"Conf\u00edanos tu Inmueble"},"content":{"rendered":"<div data-elementor-type=\"wp-page\" data-elementor-id=\"18459\" class=\"elementor elementor-18459\">\n\t\t\t\t<div class=\"elementor-element elementor-element-d703d4d e-flex e-con-boxed elementor-invisible e-con e-parent\" data-id=\"d703d4d\" data-element_type=\"container\" data-settings=\"{&quot;animation&quot;:&quot;fadeInDown&quot;}\">\n\t\t\t\t\t<div class=\"e-con-inner\">\n\t\t\t\t<div class=\"elementor-element elementor-element-3bcbcf2 elementor-widget elementor-widget-heading\" data-id=\"3bcbcf2\" data-element_type=\"widget\" data-widget_type=\"heading.default\">\n\t\t\t\t<div class=\"elementor-widget-container\">\n\t\t\t\t\t<h2 class=\"elementor-heading-title elementor-size-default\">Conf\u00edanos tu inmueble<\/h2>\t\t\t\t<\/div>\n\t\t\t\t<\/div>\n\t\t\t\t\t<\/div>\n\t\t\t\t<\/div>\n\t\t<div class=\"elementor-element elementor-element-c67e4b1 e-flex e-con-boxed elementor-invisible e-con e-parent\" data-id=\"c67e4b1\" data-element_type=\"container\" data-settings=\"{&quot;animation&quot;:&quot;fadeInDown&quot;}\">\n\t\t\t\t\t<div class=\"e-con-inner\">\n\t\t<div class=\"elementor-element elementor-element-f95bfcd e-con-full e-flex e-con e-child\" data-id=\"f95bfcd\" data-element_type=\"container\">\n\t\t\t\t<div class=\"elementor-element elementor-element-ceb0ea9 elementor-invisible elementor-widget elementor-widget-text-editor\" data-id=\"ceb0ea9\" data-element_type=\"widget\" data-settings=\"{&quot;_animation&quot;:&quot;fadeIn&quot;}\" data-widget_type=\"text-editor.default\">\n\t\t\t\t<div class=\"elementor-widget-container\">\n\t\t\t\t\t\t\t\t\t<span style=\"text-align: var(--text-align); color: var(--text-color);\">Dentro de nuestros servicios estamos principalmente <b>enfocados en el arrendamiento de vivienda e inmuebles comerciales con seguro, ventas, hipotecas, permutas, entre otros.<\/b><\/span>\n<br><br>\nNuestra filosof\u00eda est\u00e1 enfocada en el servicio al cliente para ser el mejor puente entre propietarios y arrendatarios, con responsabilidad, honestidad, eficiencia y trabajo en equipo. M\u00e1s que administradores,<b> queremos ser sus aliados de confianza.<\/b>\t\t\t\t\t\t\t\t<\/div>\n\t\t\t\t<\/div>\n\t\t\t\t<\/div>\n\t\t<div class=\"elementor-element elementor-element-e8533ab e-con-full e-flex e-con e-child\" data-id=\"e8533ab\" data-element_type=\"container\">\n\t\t\t\t<div class=\"elementor-element elementor-element-8e3a84c elementor-widget elementor-widget-image\" data-id=\"8e3a84c\" data-element_type=\"widget\" data-widget_type=\"image.default\">\n\t\t\t\t<div class=\"elementor-widget-container\">\n\t\t\t\t\t\t\t\t\t\t\t\t\t\t\t<img fetchpriority=\"high\" decoding=\"async\" width=\"640\" height=\"425\" src=\"https:\/\/inmobiliariainversioneseuropa.com\/wp-content\/uploads\/2021\/04\/12-1.jpg\" class=\"attachment-large size-large wp-image-18108\" alt=\"\" srcset=\"https:\/\/inmobiliariainversioneseuropa.com\/wp-content\/uploads\/2021\/04\/12-1.jpg 2127w, https:\/\/inmobiliariainversioneseuropa.com\/wp-content\/uploads\/2021\/04\/12-1-600x399.jpg 600w\" sizes=\"(max-width: 640px) 100vw, 640px\" \/>\t\t\t\t\t\t\t\t\t\t\t\t\t\t\t<\/div>\n\t\t\t\t<\/div>\n\t\t\t\t<\/div>\n\t\t\t\t\t<\/div>\n\t\t\t\t<\/div>\n\t\t<div class=\"elementor-element elementor-element-463ab91 e-flex e-con-boxed e-con e-parent\" data-id=\"463ab91\" data-element_type=\"container\">\n\t\t\t\t\t<div class=\"e-con-inner\">\n\t\t\t\t<div class=\"elementor-element elementor-element-8c24331 elementor-widget elementor-widget-heading\" data-id=\"8c24331\" data-element_type=\"widget\" data-widget_type=\"heading.default\">\n\t\t\t\t<div class=\"elementor-widget-container\">\n\t\t\t\t\t<h3 class=\"elementor-heading-title elementor-size-default\">Sigue estos pasos y empieza tu proceso<\/h3>\t\t\t\t<\/div>\n\t\t\t\t<\/div>\n\t\t\t\t\t<\/div>\n\t\t\t\t<\/div>\n\t\t<div class=\"elementor-element elementor-element-657c8e2 e-flex e-con-boxed e-con e-child\" data-id=\"657c8e2\" data-element_type=\"container\">\n\t\t\t\t\t<div class=\"e-con-inner\">\n\t\t<div class=\"elementor-element elementor-element-230067e e-con-full e-flex e-con e-child\" data-id=\"230067e\" data-element_type=\"container\" data-settings=\"{&quot;background_background&quot;:&quot;classic&quot;}\">\n\t\t\t\t<div class=\"elementor-element elementor-element-50a4662 elementor-widget elementor-widget-luxus-info-box\" data-id=\"50a4662\" data-element_type=\"widget\" data-widget_type=\"luxus-info-box.default\">\n\t\t\t\t<div class=\"elementor-widget-container\">\n\t\t\t\t\t\t\t\t<div class=\"sl-info-box-container\">\n\t\t\t\n<div class=\"sl-info-box info-box-one\"> \n        \n        <div class=\"icon\">\n\n            <i aria-hidden=\"true\" class=\"sl-icons sl-phone\"><\/i>\n        <\/div>\n    \n    <div class=\"content\">\n        <h2 class=\"title\"><\/h2>\n        <p class=\"text\">Comun\u00edcate con alguno de nuestros asesores<\/p>\n           \n    <\/div>\n<\/div>\t\t\t<\/div>\n    \t\t\t\t\t<\/div>\n\t\t\t\t<\/div>\n\t\t\t\t<\/div>\n\t\t<div class=\"elementor-element elementor-element-3b829ce e-con-full e-flex e-con e-child\" data-id=\"3b829ce\" data-element_type=\"container\" data-settings=\"{&quot;background_background&quot;:&quot;classic&quot;}\">\n\t\t\t\t<div class=\"elementor-element elementor-element-1e91de6 elementor-widget elementor-widget-luxus-info-box\" data-id=\"1e91de6\" data-element_type=\"widget\" data-widget_type=\"luxus-info-box.default\">\n\t\t\t\t<div class=\"elementor-widget-container\">\n\t\t\t\t\t\t\t\t<div class=\"sl-info-box-container\">\n\t\t\t\n<div class=\"sl-info-box info-box-one\"> \n        \n        <div class=\"icon\">\n\n            <i aria-hidden=\"true\" class=\"sl-icons sl-property-listings\"><\/i>\n        <\/div>\n    \n    <div class=\"content\">\n        <h2 class=\"title\"><\/h2>\n        <p class=\"text\">Diligencia el formato donde debes incluir los documentos necesarios<\/p>\n           \n    <\/div>\n<\/div>\t\t\t<\/div>\n    \t\t\t\t\t<\/div>\n\t\t\t\t<\/div>\n\t\t\t\t<\/div>\n\t\t<div class=\"elementor-element elementor-element-dac6a88 e-con-full e-flex e-con e-child\" data-id=\"dac6a88\" data-element_type=\"container\" data-settings=\"{&quot;background_background&quot;:&quot;classic&quot;}\">\n\t\t\t\t<div class=\"elementor-element elementor-element-c9bc4f2 elementor-widget elementor-widget-luxus-info-box\" data-id=\"c9bc4f2\" data-element_type=\"widget\" data-widget_type=\"luxus-info-box.default\">\n\t\t\t\t<div class=\"elementor-widget-container\">\n\t\t\t\t\t\t\t\t<div class=\"sl-info-box-container\">\n\t\t\t\n<div class=\"sl-info-box info-box-one\"> \n        \n        <div class=\"icon\">\n\n            <i aria-hidden=\"true\" class=\"sl-icons sl-sale-sign\"><\/i>\n        <\/div>\n    \n    <div class=\"content\">\n        <h2 class=\"title\"><\/h2>\n        <p class=\"text\">\u00a1Nosotros nos encargamos del resto!<\/p>\n           \n    <\/div>\n<\/div>\t\t\t<\/div>\n    \t\t\t\t\t<\/div>\n\t\t\t\t<\/div>\n\t\t\t\t<\/div>\n\t\t\t\t\t<\/div>\n\t\t\t\t<\/div>\n\t\t<div class=\"elementor-element elementor-element-63f7f0a e-flex e-con-boxed e-con e-parent\" data-id=\"63f7f0a\" data-element_type=\"container\">\n\t\t\t\t\t<div class=\"e-con-inner\">\n\t\t\t\t<div class=\"elementor-element elementor-element-004a91d elementor-widget elementor-widget-heading\" data-id=\"004a91d\" data-element_type=\"widget\" data-widget_type=\"heading.default\">\n\t\t\t\t<div class=\"elementor-widget-container\">\n\t\t\t\t\t<h2 class=\"elementor-heading-title elementor-size-default\">Deja tu propiedad en manos expertas. <br><b>\u00a1Contacta ahora y consigue los mejores resultados!<\/b><\/h2>\t\t\t\t<\/div>\n\t\t\t\t<\/div>\n\t\t\t\t<div class=\"elementor-element elementor-element-b9c1a0e elementor-align-center elementor-widget elementor-widget-button\" data-id=\"b9c1a0e\" data-element_type=\"widget\" data-widget_type=\"button.default\">\n\t\t\t\t<div class=\"elementor-widget-container\">\n\t\t\t\t\t\t\t\t\t<div class=\"elementor-button-wrapper\">\n\t\t\t\t\t<a class=\"elementor-button elementor-button-link elementor-size-sm\" href=\"https:\/\/servicedesk.ohelit.co\/plugins\/formcreator\/front\/formdisplay.php?id=2\">\n\t\t\t\t\t\t<span class=\"elementor-button-content-wrapper\">\n\t\t\t\t\t\t\t\t\t<span class=\"elementor-button-text\">Diligenciar formulario<\/span>\n\t\t\t\t\t<\/span>\n\t\t\t\t\t<\/a>\n\t\t\t\t<\/div>\n\t\t\t\t\t\t\t\t<\/div>\n\t\t\t\t<\/div>\n\t\t\t\t\t<\/div>\n\t\t\t\t<\/div>\n\t\t<div class=\"elementor-element elementor-element-eea6c11 e-con-full e-flex e-con e-parent\" data-id=\"eea6c11\" data-element_type=\"container\" data-settings=\"{&quot;background_background&quot;:&quot;classic&quot;}\">\n\t\t<div class=\"elementor-element elementor-element-d29666f e-flex e-con-boxed e-con e-child\" data-id=\"d29666f\" data-element_type=\"container\">\n\t\t\t\t\t<div class=\"e-con-inner\">\n\t\t<div class=\"elementor-element elementor-element-db3f9dc e-con-full e-flex e-con e-child\" data-id=\"db3f9dc\" data-element_type=\"container\">\n\t\t\t\t<\/div>\n\t\t<div class=\"elementor-element elementor-element-5d3406a e-con-full e-flex e-con e-child\" data-id=\"5d3406a\" data-element_type=\"container\">\n\t\t\t\t<div class=\"elementor-element elementor-element-ddcc58b elementor-widget elementor-widget-heading\" data-id=\"ddcc58b\" data-element_type=\"widget\" data-widget_type=\"heading.default\">\n\t\t\t\t<div class=\"elementor-widget-container\">\n\t\t\t\t\t<span class=\"elementor-heading-title elementor-size-default\">Nuestros clientes<\/span>\t\t\t\t<\/div>\n\t\t\t\t<\/div>\n\t\t\t\t<div class=\"elementor-element elementor-element-1a64f6b elementor-widget elementor-widget-text-editor\" data-id=\"1a64f6b\" data-element_type=\"widget\" data-widget_type=\"text-editor.default\">\n\t\t\t\t<div class=\"elementor-widget-container\">\n\t\t\t\t\t\t\t\t\t<p>Conoce las experiencias de quienes ya confiaron en nosotros. Descubre c\u00f3mo hemos ayudado a nuestros clientes a encontrar el hogar de sus sue\u00f1os y a realizar transacciones inmobiliarias exitosas. Sus historias son nuestra mejor carta de presentaci\u00f3n.<\/p>\t\t\t\t\t\t\t\t<\/div>\n\t\t\t\t<\/div>\n\t\t\t\t<div class=\"elementor-element elementor-element-c77a34f elementor-widget elementor-widget-luxus-testimonial-caousel\" data-id=\"c77a34f\" data-element_type=\"widget\" data-widget_type=\"luxus-testimonial-caousel.default\">\n\t\t\t\t<div class=\"elementor-widget-container\">\n\t\t\t\t\t\t\t<div class=\"sl-testimonial-carousel-container\">\n\t\t\t<div class=\"luxus-carousel\" id=\"sl-testimonial-carousel-c77a34f\" data-slick=\"{ &quot;dots&quot;:true, &quot;arrows&quot;:false, &quot;infinite&quot;:true, &quot;autoplay&quot;:true, &quot;autoplaySpeed&quot;:3000, &quot;centerMode&quot;:true, &quot;swipe&quot;:true }\" data-stshow=\"2\" data-stscroll=\"1\" data-cpadding=\"60px\">\n\n\t\t\t \n\t<div class=\"sl-item elementor-repeater-item-0d48366\">\n\t\t<div class=\"review-item review-two\">\n\t\t    <div class=\"info\">\n\t\t        <img decoding=\"async\" class=\"img\" src=\"https:\/\/inmobiliariainversioneseuropa.com\/wp-content\/uploads\/2019\/08\/5-4-1.jpg\" alt=\"Gloria Reyes\">\t\t        <h6 class=\"name\">Gloria Reyes<\/h6>\n\t\t        <p class=\"possition\">Cliente<\/p>\n\t\t    <\/div>\n\t\t    <div class=\"content\">\n\t\t        <p class=\"text\">&lt;p&gt;Quiero expresar mi m&aacute;s sincero agradecimiento por su compromiso, honestidad y excepcional don de servicio. Desde el primer momento, me hicieron sentir en confianza y siempre estuvieron disponibles para aclarar mis dudas.&lt;\/p&gt;<\/p>\n\t\t    <\/div>\n\t\t    <i class=\"sl-icon sl-quote-right\"><\/i>\n\t\t<\/div>\n\t<\/div>\n\n \n\t<div class=\"sl-item elementor-repeater-item-77ae1c4\">\n\t\t<div class=\"review-item review-two\">\n\t\t    <div class=\"info\">\n\t\t        <img decoding=\"async\" class=\"img\" src=\"https:\/\/inmobiliariainversioneseuropa.com\/wp-content\/uploads\/2016\/10\/4-1.jpg\" alt=\"Wilmar Torres\">\t\t        <h6 class=\"name\">Wilmar Torres<\/h6>\n\t\t        <p class=\"possition\">Cliente<\/p>\n\t\t    <\/div>\n\t\t    <div class=\"content\">\n\t\t        <p class=\"text\">&lt;p&gt;Su transparencia a lo largo de todo el proceso fue clave para que me sintiera seguro con cada decisi&oacute;n tomada. Recomendar&iacute;a sus servicios sin dudarlo a cualquier persona que busque una inmobiliaria profesional y con verdadero sentido humano.&lt;\/p&gt;<\/p>\n\t\t    <\/div>\n\t\t    <i class=\"sl-icon sl-quote-right\"><\/i>\n\t\t<\/div>\n\t<\/div>\n\n \n\t<div class=\"sl-item elementor-repeater-item-5445c93\">\n\t\t<div class=\"review-item review-two\">\n\t\t    <div class=\"info\">\n\t\t        <img decoding=\"async\" class=\"img\" src=\"https:\/\/inmobiliariainversioneseuropa.com\/wp-content\/uploads\/2021\/04\/1-2-1.jpg\" alt=\"Carmen Rivera\">\t\t        <h6 class=\"name\">Carmen Rivera<\/h6>\n\t\t        <p class=\"possition\">Cliente<\/p>\n\t\t    <\/div>\n\t\t    <div class=\"content\">\n\t\t        <p class=\"text\">&lt;p&gt;Gracias por su inter&eacute;s y su deseo permanente de crecer y mejorar. Es evidente que no solo se esfuerzan por ofrecer un servicio de calidad, sino tambi&eacute;n por superarse continuamente en cada aspecto de su trabajo&lt;\/p&gt;<\/p>\n\t\t    <\/div>\n\t\t    <i class=\"sl-icon sl-quote-right\"><\/i>\n\t\t<\/div>\n\t<\/div>\n\n\n\t\t\t<\/div>\n\t\t<\/div>\n    \t\t\t\t\t<\/div>\n\t\t\t\t<\/div>\n\t\t<div class=\"elementor-element elementor-element-5426c36 e-con-full e-flex e-con e-child\" data-id=\"5426c36\" data-element_type=\"container\">\n\t\t\t\t<div class=\"elementor-element elementor-element-f72770b elementor-widget elementor-widget-heading\" data-id=\"f72770b\" data-element_type=\"widget\" data-widget_type=\"heading.default\">\n\t\t\t\t<div class=\"elementor-widget-container\">\n\t\t\t\t\t<h2 class=\"elementor-heading-title elementor-size-default\">\u00a1Comienza ahora!<\/h2>\t\t\t\t<\/div>\n\t\t\t\t<\/div>\n\t\t\t\t<div class=\"elementor-element elementor-element-e38e488 elementor-align-center elementor-widget elementor-widget-button\" data-id=\"e38e488\" data-element_type=\"widget\" data-widget_type=\"button.default\">\n\t\t\t\t<div class=\"elementor-widget-container\">\n\t\t\t\t\t\t\t\t\t<div class=\"elementor-button-wrapper\">\n\t\t\t\t\t<a class=\"elementor-button elementor-button-link elementor-size-sm\" href=\"https:\/\/servicedesk.ohelit.co\/plugins\/formcreator\/front\/formdisplay.php?id=2\">\n\t\t\t\t\t\t<span class=\"elementor-button-content-wrapper\">\n\t\t\t\t\t\t\t\t\t<span class=\"elementor-button-text\">Diligenciar formulario<\/span>\n\t\t\t\t\t<\/span>\n\t\t\t\t\t<\/a>\n\t\t\t\t<\/div>\n\t\t\t\t\t\t\t\t<\/div>\n\t\t\t\t<\/div>\n\t\t\t\t<\/div>\n\t\t\t\t<\/div>\n\t\t<div class=\"elementor-element elementor-element-2ab6046 e-con-full e-flex e-con e-child\" data-id=\"2ab6046\" data-element_type=\"container\">\n\t\t\t\t<\/div>\n\t\t\t\t\t<\/div>\n\t\t\t\t<\/div>\n\t\t\t\t<\/div>\n\t\t\t\t<\/div>","protected":false},"excerpt":{"rendered":"<p>Conf\u00edanos tu inmueble Dentro de nuestros servicios estamos principalmente enfocados en el arrendamiento de vivienda e inmuebles comerciales con seguro, ventas, hipotecas, permutas, entre otros. Nuestra filosof\u00eda est\u00e1 enfocada en el servicio al cliente para ser el mejor puente entre propietarios y arrendatarios, con responsabilidad, honestidad, eficiencia y trabajo en equipo. M\u00e1s que administradores, queremos [&hellip;]<\/p>","protected":false},"author":2,"featured_media":0,"parent":0,"menu_order":0,"comment_status":"closed","ping_status":"closed","template":"","meta":{"_monsterinsights_skip_tracking":false,"_monsterinsights_sitenote_active":false,"_monsterinsights_sitenote_note":"","_monsterinsights_sitenote_category":0,"_joinchat":[],"footnotes":""},"class_list":["post-18459","page","type-page","status-publish","hentry"],"aioseo_notices":[],"_links":{"self":[{"href":"https:\/\/inmobiliariainversioneseuropa.com\/en\/wp-json\/wp\/v2\/pages\/18459","targetHints":{"allow":["GET"]}}],"collection":[{"href":"https:\/\/inmobiliariainversioneseuropa.com\/en\/wp-json\/wp\/v2\/pages"}],"about":[{"href":"https:\/\/inmobiliariainversioneseuropa.com\/en\/wp-json\/wp\/v2\/types\/page"}],"author":[{"embeddable":true,"href":"https:\/\/inmobiliariainversioneseuropa.com\/en\/wp-json\/wp\/v2\/users\/2"}],"replies":[{"embeddable":true,"href":"https:\/\/inmobiliariainversioneseuropa.com\/en\/wp-json\/wp\/v2\/comments?post=18459"}],"version-history":[{"count":67,"href":"https:\/\/inmobiliariainversioneseuropa.com\/en\/wp-json\/wp\/v2\/pages\/18459\/revisions"}],"predecessor-version":[{"id":20050,"href":"https:\/\/inmobiliariainversioneseuropa.com\/en\/wp-json\/wp\/v2\/pages\/18459\/revisions\/20050"}],"wp:attachment":[{"href":"https:\/\/inmobiliariainversioneseuropa.com\/en\/wp-json\/wp\/v2\/media?parent=18459"}],"curies":[{"name":"wp","href":"https:\/\/api.w.org\/{rel}","templated":true}]}}