{"id":3,"date":"2024-07-05T20:42:18","date_gmt":"2024-07-05T20:42:18","guid":{"rendered":"https:\/\/inmobiliariainversioneseuropa.com\/?page_id=3"},"modified":"2024-08-20T17:09:00","modified_gmt":"2024-08-20T17:09:00","slug":"politica-de-datos","status":"publish","type":"page","link":"https:\/\/inmobiliariainversioneseuropa.com\/en\/politica-de-datos\/","title":{"rendered":"AUTORIZACI\u00d3N PARA EL TRATAMIENTO DE DATOS PERSONALES"},"content":{"rendered":"<div data-elementor-type=\"wp-page\" data-elementor-id=\"3\" class=\"elementor elementor-3\">\n\t\t\t\t<div class=\"elementor-element elementor-element-67fdc71 e-flex e-con-boxed e-con e-parent\" data-id=\"67fdc71\" data-element_type=\"container\">\n\t\t\t\t\t<div class=\"e-con-inner\">\n\t\t\t\t<div class=\"elementor-element elementor-element-16e6a85 elementor-widget elementor-widget-heading\" data-id=\"16e6a85\" data-element_type=\"widget\" data-widget_type=\"heading.default\">\n\t\t\t\t<div class=\"elementor-widget-container\">\n\t\t\t\t\t<h2 class=\"elementor-heading-title elementor-size-default\">AUTORIZACI\u00d3N PARA EL TRATAMIENTO DE DATOS PERSONALES<\/h2>\t\t\t\t<\/div>\n\t\t\t\t<\/div>\n\t\t\t\t\t<\/div>\n\t\t\t\t<\/div>\n\t\t<div class=\"elementor-element elementor-element-663bdcdf e-flex e-con-boxed e-con e-parent\" data-id=\"663bdcdf\" data-element_type=\"container\">\n\t\t\t\t\t<div class=\"e-con-inner\">\n\t\t\t\t<div class=\"elementor-element elementor-element-63e9f4ae elementor-widget elementor-widget-text-editor\" data-id=\"63e9f4ae\" data-element_type=\"widget\" data-widget_type=\"text-editor.default\">\n\t\t\t\t<div class=\"elementor-widget-container\">\n\t\t\t\t\t\t\t\t\t\n<p>La sociedad <strong>INMOBILIARIA INVERSIONES EUROPA S.A.S., <\/strong>con NIT. 830.085.417-3, con domicilio en la Carrera 7 No. 17-51 Oficina 702, de Bogot\u00e1 D.C.,ser\u00e1 el responsable del tratamiento y, en tal virtud, La recolecci\u00f3n, recepci\u00f3n, almacenamiento, uso, circulaci\u00f3n, supresi\u00f3n, procesamiento, Compilaci\u00f3n, transferencia o transmisi\u00f3n con entidades p\u00fablicas o privadas, con las que se tiene contratos, acuerdos o convenios para que provean servicios consultas a esta compa\u00f1\u00eda.<\/p>\n\n\n\n<h2 class=\"wp-block-heading\">I. <strong>RECOPILACION Y USO DE INFORMACI\u00d3N<\/strong><\/h2>\n\n\n\n<p>El tratamiento espec\u00edfico de sus datos personales se dar\u00e1 para cumplir con las siguientes finalidades:<\/p>\n\n\n\n<p>Cumplir con las normas, los objetivos y funciones establecidas en el Decreto 4108 de 2011, Ley 1562 de 2012, Ley 1581 de 2012, Ley 1610 de 2013 decreto Nacional 1377 de 2013 y las establecidas en las dem\u00e1s disposiciones legales vigentes, junto con la jurisprudencia emitida sobre estos asuntos.<\/p>\n\n\n\n<p>Gestionar de manera oportuna y clara las solicitudes y consultas realizadas por las partes interesadas de en gesti\u00f3n inmobiliaria de esta compa\u00f1\u00eda, relacionadas con la informaci\u00f3n general sobre lo misional, funciones, tr\u00e1mites, normatividad vigente, procesos, procedimientos y mecanismos de participaci\u00f3n ciudadana.<\/p>\n\n\n\n<p>Dar respuestas a consultas, reclamos, solicitud de actualizaci\u00f3n, rectificaci\u00f3n o supresi\u00f3n de datos, y revocatorias de la autorizaci\u00f3n<\/p>\n\n\n\n<p>Registrar la informaci\u00f3n de datos personales en las bases de datos de INMOBILIARIA INVERSIONES EUROPA S.A.S, con la finalidad de analizar, evaluar y generar datos estad\u00edsticos, as\u00ed como indicadores para la formulaci\u00f3n de pol\u00edticas en el sector del trabajo.<\/p>\n\n\n\n<p>Facilitar la implementaci\u00f3n de informaci\u00f3n de programas en cumplimiento de mandatos legales y desarrollo empresarial del ramo.<\/p>\n\n\n\n<p>Enviar la informaci\u00f3n a entidades gubernamentales o judiciales por solicitud expresa de las mismas.<\/p>\n\n\n\n<p>Publicar, soportar, realizar informes, mediante el registro fotogr\u00e1fico, grabaci\u00f3n de video o audio de los programas, eventos, capacitaciones realizadas por INMOBILIARIA INVERSIONES EUROPA S.A.S., en cumplimiento de sus objetivos, misiones y funciones.<\/p>\n\n\n\n<p>As\u00ed mismo la informaci\u00f3n suministrada y registrada en la base de datos que corresponda a nuestros clientes y\/o usuarios podr\u00e1 ser utilizada para enviarles informaci\u00f3n del mercado inmobiliario, Revista Digital, dar a conocer disposiciones legales y comerciales del sector inmobiliario y de la empresa,&nbsp; entre otros<\/p>\n\n\n\n<h2 class=\"wp-block-heading\">II. <strong>DIVULGACION DE LA INFORMACION A TERCERAS PARTES<\/strong><\/h2>\n\n\n\n<p>La sociedad INMOBILIARIA INVERSIONES EUROPA SAS puede compartir informaci\u00f3n personal de sus clientes\u00a0 o personas interesadas en sus servicios,\u00a0 conforme al objeto social de la compa\u00f1\u00eda y en el desarrollo de la actividad comercial que realiza, en caso de formar parte de alianzas estrat\u00e9gicas con otras compa\u00f1\u00edas\u00a0 por medio de convenios o acuerdos que representen beneficio de los usuarios o clientes.<\/p>\n\n\n\n<h2 class=\"wp-block-heading\">III. <strong>DERECHOS DEL TITULAR<\/strong><\/h2>\n\n\n\n<p>Sus derechos como titular del dato son los previstos en la Constituci\u00f3n y en la Ley 1581 de 2012, especialmente los siguientes:<\/p>\n\n\n\n<ol class=\"wp-block-list\">\n<li>Acceder en forma gratuita a los datos proporcionados que hayan sido objeto de tratamiento.<\/li>\n\n\n\n<li>Solicitar la actualizaci\u00f3n y rectificaci\u00f3n de su informaci\u00f3n frente a datos parciales, inexactos, incompletos, fraccionados, que induzcan a error, o a aquellos cuyo tratamiento est\u00e9 prohibido o no haya sido autorizado.<\/li>\n\n\n\n<li>Solicitar prueba de la autorizaci\u00f3n otorgada.<\/li>\n\n\n\n<li>Presentar ante la Superintendencia de Industria y Comercio (SIC) quejas por infracciones a lo dispuesto en la normatividad vigente.<\/li>\n\n\n\n<li>Revocar la autorizaci\u00f3n y\/o solicitar la supresi\u00f3n del dato, a menos que exista un deber legal o contractual que haga imperativo conservar la informaci\u00f3n.<\/li>\n\n\n\n<li>Abstenerse de responder las preguntas sobre datos sensibles o sobre datos de las ni\u00f1as, ni\u00f1os y adolescentes.<\/li>\n<\/ol>\n\n\n\n<h2 class=\"wp-block-heading\">IV. <strong>MECANISMOS DE COMUNICACI\u00d3N<\/strong><\/h2>\n\n\n\n<p>Estos derechos los podr\u00e9 ejercer a trav\u00e9s de los canales o medios dispuestos por INMOBILIARIA INVERSIONES EUROPA S.A.S, con su representante Legal vigente, <em>&nbsp;<\/em>para la atenci\u00f3n al p\u00fablico, as\u00ed:&nbsp;<\/p>\n\n\n\n<p>Escrito: Carrera 7 No. 17-51 Oficina 702, de Bogot\u00e1 D.C&nbsp;<\/p>\n\n\n\n<p>L\u00ednea Atenci\u00f3n Bogot\u00e1 (601) 2431912-3103046315<\/p>\n\n\n\n<p>Sistema PQRS <strong>inveuropa@hotmail.com<\/strong><\/p>\n\n\n\n<p><strong>WEB<\/strong><strong>: www.inmobiliariainversioneseuropa-com-713827.hostingersite.com<\/strong><\/p>\n\n\n\n<p>Canales disponibles de lunes a viernes de 8:00 a.m. a 5:00 p.m. S\u00e1bados de 9:00 a.m a 12:00 m para la atenci\u00f3n de requerimientos relacionados con el tratamiento de mis datos personales y el ejercicio de los derechos mencionados en esta autorizaci\u00f3n.<\/p>\n\n\n\n<p><strong>CONSULTA:<\/strong> Los titulares de los datos personales podr\u00e1n consultar la informaci\u00f3n de car\u00e1cter personal que repose en la base de datos de INMOBILIARIA INVERSIONES EUROPA SAS mediante solicitud directa al correo electr\u00f3nico inveuropa@hotmail.com o solicitud por escrito radicada en nuestras oficinas ubicadas en la Carrera 7 # 17 \u2013 51&nbsp; Oficina 702. La respuesta se emitir\u00e1 en un t\u00e9rmino m\u00e1ximo de diez (10) d\u00edas h\u00e1biles contados a partir de la fecha de su recibo. En el evento en el que una solicitud de consulta no pueda ser atendida dentro del t\u00e9rmino antes se\u00f1alado, se informar\u00e1 al interesado antes del vencimiento del plazo las razones por las cuales no se ha dado respuesta a su consulta, la cual en ning\u00fan caso podr\u00e1 superar los cinco (5) d\u00edas h\u00e1biles siguientes al vencimiento del primer t\u00e9rmino.&nbsp;<\/p>\n\n\n\n<p>RECLAMACIONES: Toda reclamaci\u00f3n ser\u00e1 atendida por el Responsable del tratamientos de las bases de datos de INMOBILIARIA INVERSIONES EUROPA SAS. por lo tanto el Titular de datos personales privados que correspondan a una persona natural y considere que la informaci\u00f3n contenida o almacenada en una base de datos puede ser objeto de correcci\u00f3n, actualizaci\u00f3n o supresi\u00f3n, o cuando adviertan el presunto incumplimiento de cualquiera de los deberes y principios contenidos en la normatividad sobre Protecci\u00f3n de Datos Personales. El tiempo de respuesta de la reclamaci\u00f3n ser\u00e1 de cinco (5) d\u00edas h\u00e1biles&nbsp;<\/p>\n\n\n\n<p>ACTUALIZACION, RECTIFICACION Y \/O SUPRESION: INMOBILIARIA INVERSIONES EUROPA SAS&nbsp; rectificar\u00e1 y actualizar\u00e1 a solicitud del Titular, la informaci\u00f3n de car\u00e1cter personal que corresponda a personas naturales, que resulte incompleta, inexacta, en un tiempo no mayor a quince (15) d\u00edas, el caso de que dicha solicitud sea procedente y de conformidad con el procedimiento y lo t\u00e9rminos antes se\u00f1alados en este manual. La supresi\u00f3n implica la eliminaci\u00f3n o borrado seguro, total o parcial, de la informaci\u00f3n personal de acuerdo con lo solicitado por el titular en los registros, archivos, bases de datos o tratamientos realizados pero derecho de supresi\u00f3n no es un derecho absoluto.&nbsp;<\/p>\n\n\n\n<p>INMOBILIARIA INVERSIONES EUROPA SAS. como responsable del tratamiento de datos personales, puede negar o limitar el ejercicio del mismo cuando:&nbsp;<\/p>\n\n\n\n<ol class=\"wp-block-list\">\n<li>El titular de los datos tenga el deber legal o contractual de permanecer en la base de datos.<\/li>\n\n\n\n<li>La eliminaci\u00f3n de datos obstaculice actuaciones judiciales o administrativas vinculadas a obligaciones econ\u00f3micas, la investigaci\u00f3n y persecuci\u00f3n de delitos.\u00a0<\/li>\n<\/ol>\n\n\n\n<p>Esta respuesta se dar\u00e1 igualmente en el mismo plazo.&nbsp;<\/p>\n\n\n\n<p>ANULACION DE LA AUTORIZACI\u00d3N: El titular de datos personales puede revocar en cualquier momento, el consentimiento al tratamiento de \u00e9stos, siempre y cuando, no lo impida una disposici\u00f3n legal, contractual con la compa\u00f1\u00eda o prevalezca la relaci\u00f3n comercial.<\/p>\n\n\n\n<h2 class=\"wp-block-heading\">V. <strong>VIGENCIA<\/strong><\/h2>\n\n\n\n<p>Las pol\u00edticas y procedimiento establecido en el presente manual para el tratamiento de datos personales entrar\u00e1n en vigencia a partir del mes de Julio\u00a0 de 2024, fecha en que se publica en nuestra p\u00e1gina WEB www.inversioneseuropa.net.<\/p>\n\t\t\t\t\t\t\t\t<\/div>\n\t\t\t\t<\/div>\n\t\t\t\t\t<\/div>\n\t\t\t\t<\/div>\n\t\t\t\t<\/div>","protected":false},"excerpt":{"rendered":"<p>AUTORIZACI\u00d3N PARA EL TRATAMIENTO DE DATOS PERSONALES La sociedad INMOBILIARIA INVERSIONES EUROPA S.A.S., con NIT. 830.085.417-3, con domicilio en la Carrera 7 No. 17-51 Oficina 702, de Bogot\u00e1 D.C.,ser\u00e1 el responsable del tratamiento y, en tal virtud, La recolecci\u00f3n, recepci\u00f3n, almacenamiento, uso, circulaci\u00f3n, supresi\u00f3n, procesamiento, Compilaci\u00f3n, transferencia o transmisi\u00f3n con entidades p\u00fablicas o privadas, con [&hellip;]<\/p>","protected":false},"author":1,"featured_media":0,"parent":0,"menu_order":0,"comment_status":"closed","ping_status":"closed","template":"","meta":{"_monsterinsights_skip_tracking":false,"_monsterinsights_sitenote_active":false,"_monsterinsights_sitenote_note":"","_monsterinsights_sitenote_category":0,"_joinchat":[],"footnotes":""},"class_list":["post-3","page","type-page","status-publish","hentry"],"aioseo_notices":[],"_links":{"self":[{"href":"https:\/\/inmobiliariainversioneseuropa.com\/en\/wp-json\/wp\/v2\/pages\/3","targetHints":{"allow":["GET"]}}],"collection":[{"href":"https:\/\/inmobiliariainversioneseuropa.com\/en\/wp-json\/wp\/v2\/pages"}],"about":[{"href":"https:\/\/inmobiliariainversioneseuropa.com\/en\/wp-json\/wp\/v2\/types\/page"}],"author":[{"embeddable":true,"href":"https:\/\/inmobiliariainversioneseuropa.com\/en\/wp-json\/wp\/v2\/users\/1"}],"replies":[{"embeddable":true,"href":"https:\/\/inmobiliariainversioneseuropa.com\/en\/wp-json\/wp\/v2\/comments?post=3"}],"version-history":[{"count":4,"href":"https:\/\/inmobiliariainversioneseuropa.com\/en\/wp-json\/wp\/v2\/pages\/3\/revisions"}],"predecessor-version":[{"id":18946,"href":"https:\/\/inmobiliariainversioneseuropa.com\/en\/wp-json\/wp\/v2\/pages\/3\/revisions\/18946"}],"wp:attachment":[{"href":"https:\/\/inmobiliariainversioneseuropa.com\/en\/wp-json\/wp\/v2\/media?parent=3"}],"curies":[{"name":"wp","href":"https:\/\/api.w.org\/{rel}","templated":true}]}}