{"id":20120,"date":"2025-05-28T22:12:23","date_gmt":"2025-05-28T22:12:23","guid":{"rendered":"https:\/\/inmobiliariainversioneseuropa.com\/?post_type=product&#038;p=20120"},"modified":"2025-05-28T22:13:39","modified_gmt":"2025-05-28T22:13:39","slug":"arriendo-local-comercial-toberin-calle-170","status":"publish","type":"product","link":"https:\/\/inmobiliariainversioneseuropa.com\/en\/product\/arriendo-local-comercial-toberin-calle-170\/","title":{"rendered":"Arriendo Local Comercial Tober\u00edn Calle 170"},"content":{"rendered":"<p>Magn\u00edfico local, sobre la calle 170, Tober\u00edn, en zona comercial, 100 m2 de \u00e1rea, tiene dos niveles, iluminado, segundo nivel mezanine, tiene 1 ba\u00f1o en el primer piso, servicios independientes de agua y luz, no tiene servicio de gas. Cerca al \u00c9xito norte, autopista norte, portal norte, buenas v\u00edas de acceso, no hay zona de parqueaderos. No apto para comidas, bares, billares y similares. Agende su cita y conozca el local para su negocio.<\/p>","protected":false},"excerpt":{"rendered":"<p>Local comercial en zona norte Tober\u00edn calle 170<\/p>","protected":false},"featured_media":20121,"comment_status":"open","ping_status":"closed","template":"","meta":{"_monsterinsights_skip_tracking":false,"_monsterinsights_sitenote_active":false,"_monsterinsights_sitenote_note":"","_monsterinsights_sitenote_category":0,"_joinchat":{"telephone":"+573107611905","message_send":"Si desea tener m\u00e1s informaci\u00f3n sobre el local en arriendo puede dejarnos su mensaje y daremos pronta respuesta, gracias.","view":"yes"}},"product_brand":[],"product_cat":[20],"product_tag":[145],"class_list":{"0":"post-20120","1":"product","2":"type-product","3":"status-publish","4":"has-post-thumbnail","6":"product_cat-uncategorized","7":"product_tag-comercial","9":"first","10":"instock","11":"shipping-taxable","12":"purchasable","13":"product-type-simple"},"aioseo_notices":[],"_links":{"self":[{"href":"https:\/\/inmobiliariainversioneseuropa.com\/en\/wp-json\/wp\/v2\/product\/20120","targetHints":{"allow":["GET"]}}],"collection":[{"href":"https:\/\/inmobiliariainversioneseuropa.com\/en\/wp-json\/wp\/v2\/product"}],"about":[{"href":"https:\/\/inmobiliariainversioneseuropa.com\/en\/wp-json\/wp\/v2\/types\/product"}],"replies":[{"embeddable":true,"href":"https:\/\/inmobiliariainversioneseuropa.com\/en\/wp-json\/wp\/v2\/comments?post=20120"}],"wp:featuredmedia":[{"embeddable":true,"href":"https:\/\/inmobiliariainversioneseuropa.com\/en\/wp-json\/wp\/v2\/media\/20121"}],"wp:attachment":[{"href":"https:\/\/inmobiliariainversioneseuropa.com\/en\/wp-json\/wp\/v2\/media?parent=20120"}],"wp:term":[{"taxonomy":"product_brand","embeddable":true,"href":"https:\/\/inmobiliariainversioneseuropa.com\/en\/wp-json\/wp\/v2\/product_brand?post=20120"},{"taxonomy":"product_cat","embeddable":true,"href":"https:\/\/inmobiliariainversioneseuropa.com\/en\/wp-json\/wp\/v2\/product_cat?post=20120"},{"taxonomy":"product_tag","embeddable":true,"href":"https:\/\/inmobiliariainversioneseuropa.com\/en\/wp-json\/wp\/v2\/product_tag?post=20120"}],"curies":[{"name":"wp","href":"https:\/\/api.w.org\/{rel}","templated":true}]}}