{"id":20146,"date":"2025-05-28T22:48:59","date_gmt":"2025-05-28T22:48:59","guid":{"rendered":"https:\/\/inmobiliariainversioneseuropa.com\/?post_type=product&#038;p=20146"},"modified":"2025-05-28T22:50:39","modified_gmt":"2025-05-28T22:50:39","slug":"arriendo-apartaestudio-en-chapinero-alto-view-63","status":"publish","type":"product","link":"https:\/\/inmobiliariainversioneseuropa.com\/en\/product\/arriendo-apartaestudio-en-chapinero-alto-view-63\/","title":{"rendered":"Arriendo Apartaestudio en Chapinero Alto View 63"},"content":{"rendered":"<p>Hermoso Apartaestudio en Chapinero Alto , Edificio View 63, 6to piso, \u00e1rea 30 metros, con ascensores. Consta de Sala comedor, cocina integral, estufa el\u00e9ctrica, zona de ropas,1 habitaci\u00f3n con closet, 1 ba\u00f1o, calentador el\u00e9ctrico, parqueadero comunal &#8211; disponibilidad inmediata, vista exterior, bien iluminado, pisos en laminado. Bonitos terminados. El edificio cuenta con sala de reuniones, zona de lavander\u00eda. Ruta circular de la administraci\u00f3n desde la s\u00e9ptima. Cita previa.<\/p>","protected":false},"excerpt":{"rendered":"<p>Hermoso apartaestudio en chapinero alto<\/p>","protected":false},"featured_media":20148,"comment_status":"open","ping_status":"closed","template":"","meta":{"_monsterinsights_skip_tracking":false,"_monsterinsights_sitenote_active":false,"_monsterinsights_sitenote_note":"","_monsterinsights_sitenote_category":0,"_joinchat":{"telephone":"+573107611905","message_send":"Si desea m\u00e1s informaci\u00f3n del apartaestudio con gusto la enviamos"}},"product_brand":[],"product_cat":[20],"product_tag":[],"class_list":{"0":"post-20146","1":"product","2":"type-product","3":"status-publish","4":"has-post-thumbnail","6":"product_cat-uncategorized","8":"first","9":"instock","10":"shipping-taxable","11":"purchasable","12":"product-type-simple"},"aioseo_notices":[],"_links":{"self":[{"href":"https:\/\/inmobiliariainversioneseuropa.com\/en\/wp-json\/wp\/v2\/product\/20146","targetHints":{"allow":["GET"]}}],"collection":[{"href":"https:\/\/inmobiliariainversioneseuropa.com\/en\/wp-json\/wp\/v2\/product"}],"about":[{"href":"https:\/\/inmobiliariainversioneseuropa.com\/en\/wp-json\/wp\/v2\/types\/product"}],"replies":[{"embeddable":true,"href":"https:\/\/inmobiliariainversioneseuropa.com\/en\/wp-json\/wp\/v2\/comments?post=20146"}],"wp:featuredmedia":[{"embeddable":true,"href":"https:\/\/inmobiliariainversioneseuropa.com\/en\/wp-json\/wp\/v2\/media\/20148"}],"wp:attachment":[{"href":"https:\/\/inmobiliariainversioneseuropa.com\/en\/wp-json\/wp\/v2\/media?parent=20146"}],"wp:term":[{"taxonomy":"product_brand","embeddable":true,"href":"https:\/\/inmobiliariainversioneseuropa.com\/en\/wp-json\/wp\/v2\/product_brand?post=20146"},{"taxonomy":"product_cat","embeddable":true,"href":"https:\/\/inmobiliariainversioneseuropa.com\/en\/wp-json\/wp\/v2\/product_cat?post=20146"},{"taxonomy":"product_tag","embeddable":true,"href":"https:\/\/inmobiliariainversioneseuropa.com\/en\/wp-json\/wp\/v2\/product_tag?post=20146"}],"curies":[{"name":"wp","href":"https:\/\/api.w.org\/{rel}","templated":true}]}}